{"id":107,"date":"2010-05-26T12:25:49","date_gmt":"2010-05-26T12:25:49","guid":{"rendered":"http:\/\/biancorosso.net\/wordpress\/?page_id=107"},"modified":"2025-06-08T13:40:28","modified_gmt":"2025-06-08T11:40:28","slug":"guten-tag","status":"publish","type":"page","link":"https:\/\/biancorosso.net\/","title":{"rendered":"Herzlich willkommen"},"content":{"rendered":"<p><a href=\"https:\/\/biancorosso.net\/wordpress\/wp-content\/uploads\/2010\/05\/130531-14a-Weingut-Clerico.jpg\" rel=\"lightbox[107]\">\u00a0\u00a0\u00a0\u00a0\u00a0\u00a0\u00a0\u00a0\u00a0\u00a0\u00a0\u00a0\u00a0\u00a0\u00a0\u00a0\u00a0\u00a0\u00a0\u00a0\u00a0\u00a0\u00a0\u00a0\u00a0\u00a0\u00a0\u00a0\u00a0\u00a0\u00a0\u00a0\u00a0\u00a0\u00a0\u00a0\u00a0\u00a0\u00a0\u00a0\u00a0\u00a0\u00a0\u00a0\u00a0\u00a0\u00a0\u00a0\u00a0\u00a0\u00a0\u00a0\u00a0\u00a0\u00a0\u00a0\u00a0\u00a0\u00a0\u00a0\u00a0\u00a0\u00a0\u00a0\u00a0\u00a0\u00a0\u00a0\u00a0\u00a0\u00a0\u00a0\u00a0\u00a0\u00a0\u00a0\u00a0\u00a0\u00a0\u00a0\u00a0\u00a0\u00a0\u00a0\u00a0\u00a0\u00a0\u00a0\u00a0\u00a0\u00a0\u00a0\u00a0\u00a0\u00a0\u00a0\u00a0\u00a0\u00a0\u00a0\u00a0\u00a0\u00a0\u00a0\u00a0\u00a0\u00a0\u00a0\u00a0\u00a0\u00a0\u00a0\u00a0\u00a0\u00a0\u00a0\u00a0\u00a0\u00a0\u00a0\u00a0\u00a0\u00a0\u00a0\u00a0\u00a0\u00a0\u00a0\u00a0\u00a0\u00a0\u00a0\u00a0\u00a0\u00a0\u00a0\u00a0 <img loading=\"lazy\" decoding=\"async\" class=\"size-medium wp-image-1322 alignright\" src=\"https:\/\/biancorosso.net\/wordpress\/wp-content\/uploads\/2010\/05\/130531-14a-Weingut-Clerico-300x225.jpg\" alt=\"\" width=\"300\" height=\"225\" srcset=\"https:\/\/biancorosso.net\/wordpress\/wp-content\/uploads\/2010\/05\/130531-14a-Weingut-Clerico-300x225.jpg 300w, https:\/\/biancorosso.net\/wordpress\/wp-content\/uploads\/2010\/05\/130531-14a-Weingut-Clerico.jpg 960w\" sizes=\"auto, (max-width: 300px) 100vw, 300px\" \/><\/a><a href=\"http:\/\/biancorosso.net\/wordpress\/biancorosso-bilder\/Startseite_Biancorosso-1.jpg\" rel=\"lightbox[107]\"><br \/>\n<\/a>auf den Seiten von BIANCO<span style=\"color: #993300;\">ROSSO<\/span> \u2013 Wein und mehr.<\/p>\n<p>Zu den Produkten finden Sie \u00fcber die Auswahl auf der linken Seite. Bitte filtern Sie ganz nach Wunsch und suchen Sie nach Rot- oder Wei\u00dfwein, Wein aus bestimmten Regionen oder suchen Sie gezielt nach Weinen einzelner Winzer.<\/p>\n<p>In der Rubrik MAGNUM sind die 1,5 l-Flaschen meines Sortiments aufgef\u00fchrt, die sich nicht nur f\u00fcr Weihnachten als besonders repr\u00e4sentatives Geschenk eignen (derzeit nur auf Anfrage verf\u00fcgbar).<\/p>\n<p>Informationen \u00fcber BIANCO<span style=\"color: #993300;\">ROSSO<\/span>, zu den Weinbewertungen sowie zur Bestellung finden Sie \u00fcber die obere Men\u00fcleiste. Viel Spa\u00df beim St\u00f6bern w\u00fcnscht Ihnen<\/p>\n<p style=\"padding-left: 90px;\">Thomas Seiler &#8211; BIANCO<span style=\"color: #993300;\">ROSSO<\/span><\/p>\n<p style=\"padding-left: 90px;\"><span style=\"color: #993300;\">\u00a0<\/span><\/p>\n","protected":false},"excerpt":{"rendered":"<p>\u00a0\u00a0\u00a0\u00a0\u00a0\u00a0\u00a0\u00a0\u00a0\u00a0\u00a0\u00a0\u00a0\u00a0\u00a0\u00a0\u00a0\u00a0\u00a0\u00a0\u00a0\u00a0\u00a0\u00a0\u00a0\u00a0\u00a0\u00a0\u00a0\u00a0\u00a0\u00a0\u00a0\u00a0\u00a0\u00a0\u00a0\u00a0\u00a0\u00a0\u00a0\u00a0\u00a0\u00a0\u00a0\u00a0\u00a0\u00a0\u00a0\u00a0\u00a0\u00a0\u00a0\u00a0\u00a0\u00a0\u00a0\u00a0\u00a0\u00a0\u00a0\u00a0\u00a0\u00a0\u00a0\u00a0\u00a0\u00a0\u00a0\u00a0\u00a0\u00a0\u00a0\u00a0\u00a0\u00a0\u00a0\u00a0\u00a0\u00a0\u00a0\u00a0\u00a0\u00a0\u00a0\u00a0\u00a0\u00a0\u00a0\u00a0\u00a0\u00a0\u00a0\u00a0\u00a0\u00a0\u00a0\u00a0\u00a0\u00a0\u00a0\u00a0\u00a0\u00a0\u00a0\u00a0\u00a0\u00a0\u00a0\u00a0\u00a0\u00a0\u00a0\u00a0\u00a0\u00a0\u00a0\u00a0\u00a0\u00a0\u00a0\u00a0\u00a0\u00a0\u00a0\u00a0\u00a0\u00a0\u00a0\u00a0\u00a0\u00a0\u00a0\u00a0\u00a0\u00a0\u00a0 auf den Seiten von BIANCOROSSO \u2013 Wein und mehr. Zu den Produkten finden Sie \u00fcber die Auswahl auf der linken Seite. Bitte filtern Sie ganz nach Wunsch und suchen Sie nach Rot- oder Wei\u00dfwein, Wein aus bestimmten Regionen oder suchen Sie gezielt nach Weinen einzelner Winzer. In der Rubrik MAGNUM sind die 1,5 l-Flaschen [&hellip;]<\/p>\n","protected":false},"author":3,"featured_media":0,"parent":0,"menu_order":0,"comment_status":"closed","ping_status":"closed","template":"","meta":{"footnotes":""},"class_list":["post-107","page","type-page","status-publish","hentry"],"_links":{"self":[{"href":"https:\/\/biancorosso.net\/index.php?rest_route=\/wp\/v2\/pages\/107","targetHints":{"allow":["GET"]}}],"collection":[{"href":"https:\/\/biancorosso.net\/index.php?rest_route=\/wp\/v2\/pages"}],"about":[{"href":"https:\/\/biancorosso.net\/index.php?rest_route=\/wp\/v2\/types\/page"}],"author":[{"embeddable":true,"href":"https:\/\/biancorosso.net\/index.php?rest_route=\/wp\/v2\/users\/3"}],"replies":[{"embeddable":true,"href":"https:\/\/biancorosso.net\/index.php?rest_route=%2Fwp%2Fv2%2Fcomments&post=107"}],"version-history":[{"count":61,"href":"https:\/\/biancorosso.net\/index.php?rest_route=\/wp\/v2\/pages\/107\/revisions"}],"predecessor-version":[{"id":2236,"href":"https:\/\/biancorosso.net\/index.php?rest_route=\/wp\/v2\/pages\/107\/revisions\/2236"}],"wp:attachment":[{"href":"https:\/\/biancorosso.net\/index.php?rest_route=%2Fwp%2Fv2%2Fmedia&parent=107"}],"curies":[{"name":"wp","href":"https:\/\/api.w.org\/{rel}","templated":true}]}}