{"id":1850,"date":"2018-04-26T12:15:03","date_gmt":"2018-04-26T10:15:03","guid":{"rendered":"http:\/\/biancorosso.net\/wordpress\/?page_id=1850"},"modified":"2018-05-31T16:02:38","modified_gmt":"2018-05-31T14:02:38","slug":"datenschutzerklaerung","status":"publish","type":"page","link":"https:\/\/biancorosso.net\/?page_id=1850","title":{"rendered":"Datenschutzerkl\u00e4rung"},"content":{"rendered":"<h2>1. Datenschutz auf einen Blick<\/h2>\n<h3>Allgemeine\u00a0Hinweise<\/h3>\n<p>Die folgenden Hinweise geben einen einfachen \u00dcberblick dar\u00fcber, was mit\u00a0Ihren personenbezogenen Daten passiert, wenn Sie unsere Website besuchen. Personenbezogene\u00a0Daten sind alle Daten, mit denen Sie pers\u00f6nlich identifiziert werden k\u00f6nnen. Ausf\u00fchrliche\u00a0Informationen zum Thema Datenschutz entnehmen Sie unserer unter diesem Text aufgef\u00fchrten\u00a0Datenschutzerkl\u00e4rung.<\/p>\n<h3>Datenerfassung auf unserer Website<\/h3>\n<p><strong>Wer ist\u00a0verantwortlich f\u00fcr die Datenerfassung auf dieser Website?<\/strong><\/p>\n<p>Die Datenverarbeitung\u00a0auf dieser Website erfolgt durch den Websitebetreiber. Dessen Kontaktdaten k\u00f6nnen Sie dem\u00a0Impressum dieser Website entnehmen.<\/p>\n<p><strong>Wie erfassen wir Ihre Daten?<\/strong><\/p>\n<p>Ihre Daten werden zum einen dadurch erhoben, dass Sie uns diese mitteilen. Hierbei kann es sich\u00a0z.B. um Daten handeln, die Sie in ein Kontaktformular eingeben.<\/p>\n<p>Andere Daten werden\u00a0automatisch beim Besuch der Website durch unsere IT-Systeme erfasst. Das sind vor allem technische\u00a0Daten (z.B. Internetbrowser, Betriebssystem oder Uhrzeit des Seitenaufrufs). Die Erfassung dieser Daten\u00a0erfolgt automatisch, sobald Sie unsere Website betreten.<\/p>\n<p><strong>Wof\u00fcr nutzen wir Ihre\u00a0Daten?<\/strong><\/p>\n<p>Ein Teil der Daten wird erhoben, um eine fehlerfreie Bereitstellung der Website\u00a0zu gew\u00e4hrleisten. Andere Daten k\u00f6nnen zur Analyse Ihres Nutzerverhaltens verwendet\u00a0werden.<\/p>\n<p><strong>Welche Rechte haben Sie bez\u00fcglich Ihrer Daten?<\/strong><\/p>\n<p>Sie\u00a0haben jederzeit das Recht unentgeltlich Auskunft \u00fcber Herkunft, Empf\u00e4nger und Zweck Ihrer\u00a0gespeicherten personenbezogenen Daten zu erhalten. Sie haben au\u00dferdem ein Recht, die\u00a0Berichtigung, Sperrung oder L\u00f6schung dieser Daten zu verlangen. Hierzu sowie zu weiteren Fragen\u00a0zum Thema Datenschutz k\u00f6nnen Sie sich jederzeit unter der im Impressum angegebenen Adresse\u00a0an uns wenden. Des Weiteren steht Ihnen ein Beschwerderecht bei der zust\u00e4ndigen\u00a0Aufsichtsbeh\u00f6rde zu.<\/p>\n<h3>Analyse-Tools und Tools von Drittanbietern<\/h3>\n<p>Beim Besuch\u00a0unserer Website kann Ihr Surf-Verhalten statistisch ausgewertet werden. Das geschieht vor allem mit\u00a0Cookies und mit sogenannten Analyseprogrammen. Die Analyse Ihres Surf-Verhaltens erfolgt in der Regel\u00a0anonym; das Surf-Verhalten kann nicht zu Ihnen zur\u00fcckverfolgt werden. Sie k\u00f6nnen dieser\u00a0Analyse widersprechen oder sie durch die Nichtbenutzung bestimmter Tools verhindern. Detaillierte\u00a0Informationen dazu finden Sie in der folgenden Datenschutzerkl\u00e4rung.<\/p>\n<p>Sie k\u00f6nnen\u00a0dieser Analyse widersprechen. \u00dcber die Widerspruchsm\u00f6glichkeiten werden wir Sie in dieser\u00a0Datenschutzerkl\u00e4rung informieren.<\/p>\n<h2>2. Allgemeine Hinweise und Pflichtinformationen<\/h2>\n<h3>Datenschutz<\/h3>\n<p>Die Betreiber dieser Seiten nehmen den Schutz Ihrer pers\u00f6nlichen\u00a0Daten sehr ernst. Wir behandeln Ihre personenbezogenen Daten vertraulich und entsprechend der\u00a0gesetzlichen Datenschutzvorschriften sowie dieser Datenschutzerkl\u00e4rung.<\/p>\n<p>Wenn Sie diese\u00a0Website benutzen, werden verschiedene personenbezogene Daten erhoben. Personenbezogene Daten\u00a0sind Daten, mit denen Sie pers\u00f6nlich identifiziert werden k\u00f6nnen. Die vorliegende\u00a0Datenschutzerkl\u00e4rung erl\u00e4utert, welche Daten wir erheben und wof\u00fcr wir sie nutzen. Sie\u00a0erl\u00e4utert auch, wie und zu welchem Zweck das geschieht.<\/p>\n<p>Wir weisen darauf hin, dass die\u00a0Daten\u00fcbertragung im Internet (z.B. bei der Kommunikation per E-Mail) Sicherheitsl\u00fccken\u00a0aufweisen kann. Ein l\u00fcckenloser Schutz der Daten vor dem Zugriff durch Dritte ist nicht\u00a0m\u00f6glich.<\/p>\n<h3>Hinweis zur verantwortlichen Stelle<\/h3>\n<p>Die verantwortliche Stelle f\u00fcr\u00a0die Datenverarbeitung auf dieser Website ist:<\/p>\n<p>Thomas Seiler<br \/>\nProbststra\u00dfe 23<br \/>\n76275 Ettlingen<\/p>\n<p>Telefon: +49 (0)7243 \/ 52 32 93<br \/>\nE-Mail: biancorosso@gmx.net<\/p>\n<p>Verantwortliche Stelle ist die nat\u00fcrliche oder juristische Person, die allein oder gemeinsam mit\u00a0anderen \u00fcber die Zwecke und Mittel der Verarbeitung von personenbezogenen Daten (z.B. Namen,\u00a0E-Mail-Adressen o. \u00c4.) entscheidet.<\/p>\n<h3>Widerruf Ihrer Einwilligung zur\u00a0Datenverarbeitung<\/h3>\n<p>Viele Datenverarbeitungsvorg\u00e4nge sind nur mit Ihrer\u00a0ausdr\u00fccklichen Einwilligung m\u00f6glich. Sie k\u00f6nnen eine bereits erteilte Einwilligung\u00a0jederzeit widerrufen. Dazu reicht eine formlose Mitteilung per E-Mail an uns. Die\u00a0Rechtm\u00e4\u00dfigkeit der bis zum Widerruf erfolgten Datenverarbeitung bleibt vom Widerruf\u00a0unber\u00fchrt.<\/p>\n<h3>Beschwerderecht bei der zust\u00e4ndigen Aufsichtsbeh\u00f6rde<\/h3>\n<p>Im Falle datenschutzrechtlicher Verst\u00f6\u00dfe steht dem Betroffenen ein Beschwerderecht bei\u00a0der zust\u00e4ndigen Aufsichtsbeh\u00f6rde zu. Zust\u00e4ndige Aufsichtsbeh\u00f6rde in\u00a0datenschutzrechtlichen Fragen ist der Landesdatenschutzbeauftragte des Bundeslandes, in dem unser\u00a0Unternehmen seinen Sitz hat. Eine Liste der Datenschutzbeauftragten sowie deren Kontaktdaten\u00a0k\u00f6nnen folgendem Link entnommen werden: <a href=\"https:\/\/www.bfdi.bund.de\/DE\/Infothek\/Anschriften_Links\/anschriften_links-node.html\" target=\"_blank\" rel=\"noopener\">https:\/\/www.bfdi.bund.de\/DE\/Infothek\/Anschriften_Links\/anschriften_linksnode.html<\/a>.<\/p>\n<h3>Recht auf Daten\u00fcbertragbarkeit<\/h3>\n<p>Sie haben das Recht, Daten, die\u00a0wir auf Grundlage Ihrer Einwilligung oder in Erf\u00fcllung eines Vertrags automatisiert verarbeiten, an\u00a0sich oder an einen Dritten in einem g\u00e4ngigen, maschinenlesbaren Format aush\u00e4ndigen zu\u00a0lassen. Sofern Sie die direkte \u00dcbertragung der Daten an einen anderen Verantwortlichen verlangen,\u00a0erfolgt dies nur, soweit es technisch machbar ist.<\/p>\n<h3>SSL- bzw. TLS-Verschl\u00fcsselung<\/h3>\n<p>Diese Seite nutzt aus Sicherheitsgr\u00fcnden und zum Schutz der \u00dcbertragung vertraulicher\u00a0Inhalte, wie zum Beispiel Bestellungen oder Anfragen, die Sie an uns als Seitenbetreiber senden, eine\u00a0SSL-bzw. TLS-Verschl\u00fcsselung. Eine verschl\u00fcsselte Verbindung erkennen Sie daran, dass die\u00a0Adresszeile des Browsers von \u201chttp:\/\/\u201d auf \u201chttps:\/\/\u201d wechselt und an dem\u00a0Schloss-Symbol in Ihrer Browserzeile.<\/p>\n<p>Wenn die SSL- bzw. TLS-Verschl\u00fcsselung aktiviert\u00a0ist, k\u00f6nnen die Daten, die Sie an uns \u00fcbermitteln, nicht von Dritten mitgelesen werden.<\/p>\n<h3>Auskunft, Sperrung, L\u00f6schung<\/h3>\n<p>Sie haben im Rahmen der geltenden gesetzlichen\u00a0Bestimmungen jederzeit das Recht auf unentgeltliche Auskunft \u00fcber Ihre gespeicherten\u00a0personenbezogenen Daten, deren Herkunft und Empf\u00e4nger und den Zweck der Datenverarbeitung\u00a0und ggf. ein Recht auf Berichtigung, Sperrung oder L\u00f6schung dieser Daten. Hierzu sowie zu\u00a0weiteren Fragen zum Thema personenbezogene Daten k\u00f6nnen Sie sich jederzeit unter der im\u00a0Impressum angegebenen Adresse an uns wenden.<\/p>\n<h3>Widerspruch gegen Werbe-Mails<\/h3>\n<p>Der Nutzung von im Rahmen der Impressumspflicht ver\u00f6ffentlichten Kontaktdaten zur\u00a0\u00dcbersendung von nicht ausdr\u00fccklich angeforderter Werbung und Informationsmaterialien wird\u00a0hiermit widersprochen. Die Betreiber der Seiten behalten sich ausdr\u00fccklich rechtliche Schritte im\u00a0Falle der unverlangten Zusendung von Werbeinformationen, etwa durch Spam-E-Mails, vor.<\/p>\n<h2>3.\u00a0Datenerfassung auf unserer Website<\/h2>\n<h3>Cookies<\/h3>\n<p>Die Internetseiten verwenden teilweise\u00a0so genannte Cookies. Cookies richten auf Ihrem Rechner keinen Schaden an und enthalten keine Viren.\u00a0Cookies dienen dazu, unser Angebot nutzerfreundlicher, effektiver und sicherer zu machen. Cookies sind\u00a0kleine Textdateien, die auf Ihrem Rechner abgelegt werden und die Ihr Browser speichert.<\/p>\n<p>Die\u00a0meisten der von uns verwendeten Cookies sind so genannte \u201cSession-Cookies\u201d. Sie werden\u00a0nach Ende Ihres Besuchs automatisch gel\u00f6scht. Andere Cookies bleiben auf Ihrem Endger\u00e4t\u00a0gespeichert bis Sie diese l\u00f6schen. Diese Cookies erm\u00f6glichen es uns, Ihren Browser beim\u00a0n\u00e4chsten Besuch wiederzuerkennen.<\/p>\n<p>Sie k\u00f6nnen Ihren Browser so einstellen, dass\u00a0Sie \u00fcber das Setzen von Cookies informiert werden und Cookies nur im Einzelfall erlauben, die\u00a0Annahme von Cookies f\u00fcr bestimmte F\u00e4lle oder generell ausschlie\u00dfen sowie das\u00a0automatische L\u00f6schen der Cookies beim Schlie\u00dfen des Browser aktivieren. Bei der\u00a0Deaktivierung von Cookies kann die Funktionalit\u00e4t dieser Website eingeschr\u00e4nkt sein.<\/p>\n<p>Cookies, die zur Durchf\u00fchrung des elektronischen Kommunikationsvorgangs oder zur\u00a0Bereitstellung bestimmter, von Ihnen erw\u00fcnschter Funktionen (z.B. Warenkorbfunktion) erforderlich\u00a0sind, werden auf Grundlage von Art. 6 Abs. 1 lit. f DSGVO gespeichert. Der Websitebetreiber hat ein\u00a0berechtigtes Interesse an der Speicherung von Cookies zur technisch fehlerfreien und optimierten\u00a0Bereitstellung seiner Dienste. Soweit andere Cookies (z.B. Cookies zur Analyse Ihres Surfverhaltens)\u00a0gespeichert werden, werden diese in dieser Datenschutzerkl\u00e4rung gesondert behandelt.<\/p>\n<h3>Server-Log-Dateien<\/h3>\n<p>Der Provider der Seiten erhebt und speichert automatisch\u00a0Informationen in so genannten Server-Log-Dateien, die Ihr Browser automatisch an uns \u00fcbermittelt.<br \/>\nDies sind:<\/p>\n<ul>\n<li>Browsertyp und Browserversion<\/li>\n<li>verwendetes Betriebssystem<\/li>\n<li>Referrer URL<\/li>\n<li>Hostname des zugreifenden Rechners<\/li>\n<li>Uhrzeit der Serveranfrage<\/li>\n<li>IP-Adresse<\/li>\n<\/ul>\n<p>Eine Zusammenf\u00fchrung dieser Daten mit anderen Datenquellen wird\u00a0nicht vorgenommen.<\/p>\n<p>Grundlage f\u00fcr die Datenverarbeitung ist Art. 6 Abs. 1 lit. b DSGVO, der\u00a0die Verarbeitung von Daten zur Erf\u00fcllung eines Vertrags oder vorvertraglicher Ma\u00dfnahmen\u00a0gestattet.<\/p>\n<h2>4. Analyse Tools und Werbung<\/h2>\n<h3>WordPress Stats<\/h3>\n<p>Diese Website\u00a0nutzt das WordPress Tool Stats, um Besucherzugriffe statistisch auszuwerten. Anbieter ist die Automattic\u00a0Inc., 60 29th Street #343, San Francisco, CA 94110-4929, USA.<\/p>\n<p>WordPress Stats verwendet\u00a0Cookies, die auf Ihrem Computer gespeichert werden und die eine Analyse der Benutzung der Website\u00a0erlauben. Die durch die Cookies generierten Informationen \u00fcber die Benutzung unserer Website\u00a0werden auf Servern in den USA gespeichert. Ihre IP-Adresse wird nach der Verarbeitung und vor der\u00a0Speicherung anonymisiert.<\/p>\n<p>\u201cWordPress-Stats\u201d-Cookies verbleiben auf Ihrem\u00a0Endger\u00e4t, bis Sie sie l\u00f6schen.<\/p>\n<p>Die Speicherung von \u201cWordPress Stats\u201d-\u00a0Cookies erfolgt auf Grundlage von Art. 6 Abs. 1 lit. f DSGVO. Der Websitebetreiber hat ein berechtigtes\u00a0Interesse an der anonymisierten Analyse des Nutzerverhaltens, um sowohl sein Webangebot als auch\u00a0seine Werbung zu optimieren.<\/p>\n<p>Sie k\u00f6nnen Ihren Browser so einstellen, dass Sie \u00fcber\u00a0das Setzen von Cookies informiert werden und Cookies nur im Einzelfall erlauben, die Annahme von\u00a0Cookies f\u00fcr bestimmte F\u00e4lle oder generell ausschlie\u00dfen sowie das automatische\u00a0L\u00f6schen der Cookies beim Schlie\u00dfen des Browser aktivieren. Bei der Deaktivierung von\u00a0Cookies kann die Funktionalit\u00e4t unserer Website eingeschr\u00e4nkt sein.<\/p>\n<p>Sie\u00a0k\u00f6nnen der Erhebung und Nutzung Ihrer Daten f\u00fcr die Zukunft widersprechen, indem Sie mit\u00a0einem Klick auf diesen Link einen Opt-Out-Cookie in Ihrem Browser setzen: <a href=\"https:\/\/www.quantcast.com\/opt-out\/\" target=\"_blank\" rel=\"noopener\">https:\/\/www.quantcast.com\/opt-out\/<\/a>.<\/p>\n<p>Wenn Sie die Cookies auf Ihrem Rechner l\u00f6schen, m\u00fcssen Sie den Opt-Out-Cookie erneut\u00a0setzen.<\/p>\n<p>&nbsp;<\/p>\n","protected":false},"excerpt":{"rendered":"<p>1. Datenschutz auf einen Blick Allgemeine\u00a0Hinweise Die folgenden Hinweise geben einen einfachen \u00dcberblick dar\u00fcber, was mit\u00a0Ihren personenbezogenen Daten passiert, wenn Sie unsere Website besuchen. Personenbezogene\u00a0Daten sind alle Daten, mit denen Sie pers\u00f6nlich identifiziert werden k\u00f6nnen. Ausf\u00fchrliche\u00a0Informationen zum Thema Datenschutz entnehmen Sie unserer unter diesem Text aufgef\u00fchrten\u00a0Datenschutzerkl\u00e4rung. Datenerfassung auf unserer Website Wer ist\u00a0verantwortlich f\u00fcr die Datenerfassung [&hellip;]<\/p>\n","protected":false},"author":3,"featured_media":0,"parent":0,"menu_order":10,"comment_status":"closed","ping_status":"closed","template":"","meta":{"footnotes":""},"class_list":["post-1850","page","type-page","status-publish","hentry"],"_links":{"self":[{"href":"https:\/\/biancorosso.net\/index.php?rest_route=\/wp\/v2\/pages\/1850","targetHints":{"allow":["GET"]}}],"collection":[{"href":"https:\/\/biancorosso.net\/index.php?rest_route=\/wp\/v2\/pages"}],"about":[{"href":"https:\/\/biancorosso.net\/index.php?rest_route=\/wp\/v2\/types\/page"}],"author":[{"embeddable":true,"href":"https:\/\/biancorosso.net\/index.php?rest_route=\/wp\/v2\/users\/3"}],"replies":[{"embeddable":true,"href":"https:\/\/biancorosso.net\/index.php?rest_route=%2Fwp%2Fv2%2Fcomments&post=1850"}],"version-history":[{"count":5,"href":"https:\/\/biancorosso.net\/index.php?rest_route=\/wp\/v2\/pages\/1850\/revisions"}],"predecessor-version":[{"id":1908,"href":"https:\/\/biancorosso.net\/index.php?rest_route=\/wp\/v2\/pages\/1850\/revisions\/1908"}],"wp:attachment":[{"href":"https:\/\/biancorosso.net\/index.php?rest_route=%2Fwp%2Fv2%2Fmedia&parent=1850"}],"curies":[{"name":"wp","href":"https:\/\/api.w.org\/{rel}","templated":true}]}}