{"id":331,"date":"2010-06-08T22:12:16","date_gmt":"2010-06-08T22:12:16","guid":{"rendered":"http:\/\/biancorosso.net\/wordpress\/?page_id=331"},"modified":"2011-03-08T17:13:09","modified_gmt":"2011-03-08T16:13:09","slug":"bestellung","status":"publish","type":"page","link":"https:\/\/biancorosso.net\/?page_id=331","title":{"rendered":"Bestellung"},"content":{"rendered":"<p>Ihre Bestellung k\u00f6nnen Sie einfach per Telefon, E-Mail oder Fax mit Angaben \u00fcber den jeweiligen Wein bzw. Artikel mit  Jahrgang und Anzahl der Flaschen aufgeben. Die Angabe der Artikelnummer kann entfallen.<\/p>\n<p>Telefon: +49 (0)7243 \/ 52 32 93<\/p>\n<p>Telefax:\u00a0 +49 (0)7243 \/ 94 770 95<\/p>\n<p>E-Mail:\u00a0\u00a0\u00a0<span style=\"color: #800000;\"> biancorosso@gmx.net<\/span><\/p>\n<p><a href=\"http:\/\/biancorosso.net\/wordpress\/biancorosso-bilder\/Faxbestellung.pdf\"><span style=\"color: #800000;\">Ein Formular f\u00fcr die Bestellung per Fax (nat\u00fcrlich auch per Post verwendbar) k\u00f6nnen Sie hier herunterladen.<\/span><\/a><\/p>\n<p>Bitte beachten Sie die je nach Auftragswert anfallenden Versandkosten, die Sie unter der Rubrik &#8222;AGB+Versand&#8220; erfahren k\u00f6nnen.<\/p>\n<p>&nbsp;<\/p>\n<p>Vielen Dank.<\/p>\n","protected":false},"excerpt":{"rendered":"<p>Ihre Bestellung k\u00f6nnen Sie einfach per Telefon, E-Mail oder Fax mit Angaben \u00fcber den jeweiligen Wein bzw. Artikel mit Jahrgang und Anzahl der Flaschen aufgeben. Die Angabe der Artikelnummer kann entfallen. Telefon: +49 (0)7243 \/ 52 32 93 Telefax:\u00a0 +49 (0)7243 \/ 94 770 95 E-Mail:\u00a0\u00a0\u00a0 biancorosso@gmx.net Ein Formular f\u00fcr die Bestellung per Fax (nat\u00fcrlich [&hellip;]<\/p>\n","protected":false},"author":3,"featured_media":0,"parent":0,"menu_order":0,"comment_status":"closed","ping_status":"closed","template":"","meta":{"footnotes":""},"class_list":["post-331","page","type-page","status-publish","hentry"],"_links":{"self":[{"href":"https:\/\/biancorosso.net\/index.php?rest_route=\/wp\/v2\/pages\/331","targetHints":{"allow":["GET"]}}],"collection":[{"href":"https:\/\/biancorosso.net\/index.php?rest_route=\/wp\/v2\/pages"}],"about":[{"href":"https:\/\/biancorosso.net\/index.php?rest_route=\/wp\/v2\/types\/page"}],"author":[{"embeddable":true,"href":"https:\/\/biancorosso.net\/index.php?rest_route=\/wp\/v2\/users\/3"}],"replies":[{"embeddable":true,"href":"https:\/\/biancorosso.net\/index.php?rest_route=%2Fwp%2Fv2%2Fcomments&post=331"}],"version-history":[{"count":18,"href":"https:\/\/biancorosso.net\/index.php?rest_route=\/wp\/v2\/pages\/331\/revisions"}],"predecessor-version":[{"id":875,"href":"https:\/\/biancorosso.net\/index.php?rest_route=\/wp\/v2\/pages\/331\/revisions\/875"}],"wp:attachment":[{"href":"https:\/\/biancorosso.net\/index.php?rest_route=%2Fwp%2Fv2%2Fmedia&parent=331"}],"curies":[{"name":"wp","href":"https:\/\/api.w.org\/{rel}","templated":true}]}}