{"id":4,"date":"2010-05-20T11:05:54","date_gmt":"2010-05-20T11:05:54","guid":{"rendered":"http:\/\/biancorosso.net\/wordpress.dd12128.kasserver.com\/wordpress\/?page_id=4"},"modified":"2018-05-08T10:57:38","modified_gmt":"2018-05-08T08:57:38","slug":"agb","status":"publish","type":"page","link":"https:\/\/biancorosso.net\/?page_id=4","title":{"rendered":"AGB + Versand"},"content":{"rendered":"<p><strong>Allgemeines und Verf\u00fcgbarkeit<\/strong><\/p>\n<p>Meine Angebote sind freibleibend und gelten solange der Vorrat reicht, Bestellungen werden nach der Reihenfolge ihres Eingangs ber\u00fccksichtigt. Ich \u00fcbernehme bei Auftragserteilung keine Liefergarantie. Sollte ein Produkt ausverkauft sein, wird bei Weinen bis zu einem Kaufpreis von 15,00 Euro pro Flasche der Nachfolgejahrgang ausgeliefert, sofern er in Qualit\u00e4t und Preis gleichwertig ist und der K\u00e4ufer dem nicht ausdr\u00fccklich bei der Bestellung widerspricht.<\/p>\n<p>Falls ein Wein nicht oder nicht mehr lieferbar ist, behalte ich mir vor, vom Kaufvertrag zur\u00fcckzutreten. Der K\u00e4ufer wird umgehend dar\u00fcber informiert.<\/p>\n<p>Auftr\u00e4ge gelten erst mit schriftlicher Best\u00e4tigung (E-Mail) durch mich oder durch Lieferung als rechtsverbindlich angenommen.<\/p>\n<p>Mit Ihrer Bestellung erkennen Sie meine allgemeinen Gesch\u00e4ftsbedingungen (AGB) an und versichern, dass Sie mindestens 18 Jahre alt sind.<\/p>\n<p><strong>Preise<\/strong><\/p>\n<p>Alle angegebenen Preise verstehen sich in Euro, inklusive der gesetzlichen Mehrwertsteuer. Wenn nicht anders angegeben, ist der Flascheninhalt 0,75 Liter. Es gilt die aktuelle Preisliste. Alle vorherigen Preise sind mit Erscheinen dieser Liste ung\u00fcltig. Die Preise gelten ab Lager Ettlingen.<\/p>\n<p><strong>Zahlung und F\u00e4lligkeit<\/strong><\/p>\n<p>Meine Rechnungen sind innerhalb 10 Tagen ohne Abzug zur Zahlung f\u00e4llig. Unberechtigte Abz\u00fcge werden zur\u00fcckverlangt.<\/p>\n<p><span style=\"text-decoration: underline;\">Lieferungen an Neukunden sowie Sendungen ins Ausland werden nur gegen Vorkasse ausgef\u00fchrt.<\/span><\/p>\n<p>Die Rechnung liegt im Regelfall der Lieferung bei. Die gelieferte Ware bleibt bis zur vollst\u00e4ndigen Bezahlung mein Eigentum. Beanstandungen der Rechnung m\u00fcssen schriftlich und sp\u00e4testens innerhalb von 8 Tagen nach Zugang der Rechnung erfolgen.<\/p>\n<p>Bitte \u00fcberweisen Sie den geschuldeten Betrag unter Angabe der Rechnungsnummer auf folgendes Konto:<\/p>\n<p>Thomas Seiler &#8211; BIANCO<span style=\"color: #ff0000;\">ROSSO<\/span><\/p>\n<p>BBBank eG Karlsruhe<br \/>\nIBAN: DE87 6609 0800 0001 4470 76<br \/>\nBIC: GENODE61BBB<\/p>\n<p><strong>Versand + Versandkosten<br \/>\n<\/strong><\/p>\n<p>Ich verkaufe ausschlie\u00dflich an Personen \u00fcber 18 Jahre, der K\u00e4ufer versichert mit dem Absenden der Bestellung seine Vollj\u00e4hrigkeit.<\/p>\n<p><strong>Die Ware wird innerhalb Deutschlands frei Haus an eine Lieferadresse ab einer Mindestbestellmenge von 12 Flaschen bzw. ab 150 Euro Warenwert geliefert. Dies gilt nicht f\u00fcr Inselfracht! <\/strong><\/p>\n<p><span style=\"text-decoration: underline;\"><strong>Ein Versand ins Ausland ist m\u00f6glich, bitte fragen Sie mich nach den Konditionen.<\/strong><\/span><\/p>\n<p><strong><span style=\"text-decoration: underline;\">Shipping to foreign countries is also possible, please ask!<\/span><br \/>\n<\/strong><\/p>\n<p><strong>F\u00fcr kleinere Mengen oder bei einem geringeren Warenwert fallen Transportkosten von 0,60 Euro\/Flasche an, mindestens jedoch 6,90 Euro (z.B. kostet der Versand 6,90 Euro f\u00fcr 6 Flaschen \u00e0 10,00 Euro). <\/strong><\/p>\n<p><strong>Kleinere Mengen werden per Paketdienst oder Post in gepr\u00fcften Kartonagen bis 18 Flaschen Inhalt versandt, gr\u00f6\u00dfere Mengen werden mit Spedition geliefert. Ein Versand an Packstationen kann nicht erfolgen.<br \/>\n<\/strong><\/p>\n<p>Die Lieferung erfolgt unter Eigentumsvorbehalt.<\/p>\n<p>Eine Abholung der Weine in Ettlingen ist nach terminlicher Absprache m\u00f6glich.<\/p>\n<p>Bei Verz\u00f6gerung der Lieferung, oder falls die Ware nicht oder nur teilweise auf Lager sein sollte und bestellt werden muss, informiere ich Sie umgehend \u00fcber die voraussichtliche Lieferfrist. Im Allgemeinen wird innerhalb von 2-3 Werktagen ab Bestellung geliefert, sofern alle Produkte vorr\u00e4tig sind.<\/p>\n<p><strong>Transportsch\u00e4den<\/strong><\/p>\n<p>Bei Transportsch\u00e4den haftet der Transporteur. Bitte \u00fcberpr\u00fcfen Sie die Lieferung anhand des Lieferscheins auf Vollst\u00e4ndigkeit und Unversehrtheit. Eventuelle M\u00e4ngel oder Sch\u00e4den m\u00fcssen bei der Auslieferung auf dem Lieferschein vermerkt werden und sind vom ausliefernden Fahrer schriftlich zu best\u00e4tigen. Bitte informieren Sie mich dar\u00fcber unverz\u00fcglich schriftlich innerhalb von 7 Tagen nach Lieferung per E-Mail unter <span style=\"color: #333333;\"><a href=\"mailto:biancorosso@gmx.\"><span style=\"color: #333333;\">biancorosso@gmx.<\/span><\/a>n<\/span>et oder per Fax 07243-94 770 95.<\/p>\n<p><strong>Korkfehler<\/strong><\/p>\n<p>Entsprechend internationaler Gepflogenheiten kann f\u00fcr Weine mit Korkfehlern kein Ersatz geleistet werden. Bei einem ungew\u00f6hnlich hohen Anteil an korkkranken Flaschen einer Sorte informieren Sie mich bitte, damit ich mich f\u00fcr Ihre Anspr\u00fcche beim Erzeuger einsetzen kann.<\/p>\n<p><strong>Schlussbestimmungen<\/strong><\/p>\n<p>Durch eine Auftragserteilung erkl\u00e4ren Sie Ihr Einverst\u00e4ndnis, dass ich die auf dem Bestellformular enthaltenen Daten speichern, verarbeiten und im Rahmen der Kundenbeziehung benutzen darf. Eine Weitergabe der Daten an andere nicht mit der Abwicklung der Bestellung betraute Dritte erfolgt nicht.<br \/>\nF\u00fcr Vertr\u00e4ge gilt das Recht der Bundesrepublik Deutschland. Sollten einzelne Bestimmungen dieser AGB oder des mit Ihnen abgeschlossenen Vertrages ganz oder teilweise rechtsunwirksam sein oder werden, wird das die Wirksamkeit des Vertrages bzw. der \u00fcbrigen Bestimmungen nicht ber\u00fchren.<\/p>\n<p>Erf\u00fcllungsort und Gerichtsstandort ist Ettlingen.<\/p>\n<p><strong>Informationen zu Links<\/strong><\/p>\n<p>Verantwortlich f\u00fcr die Inhalte extern verlinkter Seiten sind ausschlie\u00dflich deren Betreiber. Hiermit distanziere ich mich ausdr\u00fccklich von allen gesetzes- oder sittenwidrigen, unseri\u00f6sen, vertragsverletzenden oder nicht nutzungskonformen Inhalten, die dort m\u00f6glicherweise verbreitet werden. Ich habe keinerlei Einfluss darauf und mache mir den Inhalt nicht zu Eigen. Sollte Ihnen ein solcher Inhalt zur Kenntnis gelangen, bitte ich um umgehende Mitteilung unter biancorosso@gmx.net oder an die genannte Kontaktadresse.<\/p>\n<p>F\u00fcr illegale, fehlerhafte oder unvollst\u00e4ndige Inhalte und insbesondere f\u00fcr Sch\u00e4den, die aus der Nutzung oder Nichtnutzung solcherart dargebotener Informationen entstehen, haftet allein der Anbieter der Seite, auf welche verwiesen wurde und nicht ich, der auf die Seite lediglich verweist.<\/p>\n<p>Sollten Inhalte dieser Internetangebote gegen geltendes Urheberrecht oder das Markengesetz versto\u00dfen, werden diese auf Hinweis schnellstm\u00f6glich entfernt. Keine Abmahnung ohne vorherigen schriftlichen Kontakt!<\/p>\n<p><strong>Inhalt des Onlineangebotes<\/strong><\/p>\n<p>Der Autor \u00fcbernimmt keinerlei Gew\u00e4hr f\u00fcr die Aktualit\u00e4t, Korrektheit, Vollst\u00e4ndigkeit oder Qualit\u00e4t der bereitgestellten Informationen. Haftungsanspr\u00fcche gegen den Autor, die sich auf Sch\u00e4den materieller oder ideeller Art beziehen, welche durch die Nutzung oder Nichtnutzung der dargebotenen Informationen bzw. durch die Nutzung fehlerhafter und unvollst\u00e4ndiger Informationen verursacht wurden, sind grunds\u00e4tzlich ausgeschlossen, sofern seitens des Autors kein nachweislich vors\u00e4tzliches oder grob fahrl\u00e4ssiges Verschulden vorliegt.<\/p>\n<p>Alle Angebote sind freibleibend und unverbindlich. Der Autor beh\u00e4lt es sich ausdr\u00fccklich vor, Teile der Seiten oder das gesamte Angebot ohne gesonderte Ank\u00fcndigung zu ver\u00e4ndern, zu erg\u00e4nzen, zu l\u00f6schen oder die Ver\u00f6ffentlichung zeitweise oder endg\u00fcltig einzustellen.<\/p>\n<p>Alle Inhalte von BIANCOROSSO sind urheberrechtlich und inhaltlich gesch\u00fctzt. Eine Verwendung der Inhalte \u00fcber die von BIANCOROSSO ausdr\u00fccklich vorgesehenen Zwecke ist nicht zul\u00e4ssig. Es gelten die allgemeinen Nutzungsbedingungen (AGB) von BIANCOROSSO.<\/p>\n<p>&nbsp;<\/p>\n<p align=\"center\"><b>WIDERRUFSBELEHRUNG<\/b><\/p>\n<p><b><span style=\"text-decoration: underline;\">Widerrufsrecht<\/span><\/b><\/p>\n<p>Sie haben das Recht, binnen vierzehn Tagen ohne Angabe von Gr\u00fcnden diesen Vertrag zu widerrufen.<\/p>\n<p>Die Widerrufsfrist betr\u00e4gt vierzehn Tage ab dem Tag an dem Sie oder ein von Ihnen benannter Dritter, der nicht der Bef\u00f6rderer ist, die Waren in Besitz genommen haben bzw. hat.<\/p>\n<p>Um Ihr Widerrufsrecht auszu\u00fcben, m\u00fcssen Sie uns<\/p>\n<p><b>BIANCO<span style=\"color: #ff0000;\">ROSSO<\/span> Wein &amp; mehr<\/b><\/p>\n<p><b>Probststr. 23<\/b><\/p>\n<p><b>76275 Ettlingen<\/b><\/p>\n<p><b>Fax 07243-9477095<\/b><\/p>\n<p><b>E-Mail: <\/b><span style=\"color: #333333;\"><a href=\"mailto:biancorosso@gmx.net\"><span style=\"color: #333333;\"><b>biancorosso@gmx.net<\/b><\/span><\/a><\/span><b><\/b><\/p>\n<p>mittels einer eindeutigen Erkl\u00e4rung (z. B. ein mit der Post versandter Brief, Telefax oder E-Mail) \u00fcber Ihren Entschluss, diesen Vertrag zu widerrufen, informieren. Sie k\u00f6nnen daf\u00fcr das beigef\u00fcgte Muster-Wider-rufsformular verwenden, das jedoch nicht vorgeschrieben ist.<\/p>\n<p>Zur Wahrung der Widerrufsfrist reicht es aus, dass Sie die Mitteilung \u00fcber die Aus\u00fcbung des Wider-rufsrechts vor Ablauf der Widerrufsfrist absenden.<\/p>\n<p><b><span style=\"text-decoration: underline;\">Folgen des Widerrufs<\/span><\/b><\/p>\n<p>Wenn Sie diesen Vertrag widerrufen, haben wir Ihnen alle Zahlungen, die wir von Ihnen erhalten haben, einschlie\u00dflich der Lieferkosten (mit Ausnahme der zus\u00e4tzlichen Kosten, die sich daraus ergeben, dass Sie eine andere Art der Lieferung als die von uns angebotene, g\u00fcnstigste Standardlieferung gew\u00e4hlt haben), unverz\u00fcglich und sp\u00e4testens binnen vierzehn Tagen ab dem Tag zur\u00fcckzuzahlen, an dem die Mitteilung \u00fcber Ihren Widerruf dieses Vertrags bei uns eingegangen ist. F\u00fcr diese R\u00fcckzahlung verwenden wir dasselbe Zahlungsmittel, das Sie bei der urspr\u00fcnglichen Transaktion eingesetzt haben, es sei denn, mit Ihnen wurde ausdr\u00fccklich etwas anderes vereinbart; in keinem Fall werden Ihnen wegen dieser R\u00fcck- zahlung Entgelte berechnet. Wir k\u00f6nnen die R\u00fcckzahlung verweigern, bis wir die Waren wieder zur\u00fcck-erhalten haben oder bis Sie den Nachweis erbracht haben, dass Sie die Waren zur\u00fcckgesandt haben, je nachdem, welches der fr\u00fchere Zeitpunkt ist.<\/p>\n<p>Sie haben die Waren unverz\u00fcglich und in jedem Fall sp\u00e4testens binnen vierzehn Tagen ab dem Tag, an dem Sie uns \u00fcber den Widerruf dieses Vertrags unterrichten, an uns<\/p>\n<p><b>BIANCO<span style=\"color: #ff0000;\">ROSSO<\/span> Wein &amp; mehr<\/b><\/p>\n<p><b>Thomas Seiler<\/b><\/p>\n<p><b>Probststr. 23<\/b><\/p>\n<p><b>76275 Ettlingen<\/b><\/p>\n<p>zur\u00fcckzusenden oder zu \u00fcbergeben. Die Frist ist gewahrt, wenn Sie die Waren vor Ablauf der Frist von vierzehn Tagen absenden. Sie tragen die unmittelbaren Kosten der R\u00fccksendung der Waren.<\/p>\n<p>Sie m\u00fcssen f\u00fcr einen etwaigen Wertverlust der Waren nur aufkommen, wenn dieser Wertverlust auf einen zur Pr\u00fcfung der Beschaffenheit, Eigenschaften und Funktionsweise der Waren nicht notwendigen Umgang mit ihnen zur\u00fcckzuf\u00fchren ist.<b><br \/>\n<\/b><\/p>\n<p align=\"center\"><b>MUSTER-WIDERRUFSFORMULAR<\/b><\/p>\n<p>(Wenn Sie den Vertrag widerrufen wollen, dann f\u00fcllen Sie bitte dieses Formular aus und senden Sie es zur\u00fcck.)<\/p>\n<p>&#8211; An<\/p>\n<p><b>BIANCO<span style=\"color: #ff0000;\">ROSSO<\/span> Wein &amp; mehr<\/b><\/p>\n<p><b>Probststr. 23<\/b><\/p>\n<p><b>76275 Ettlingen<\/b><\/p>\n<p><b>Fax 07243-9477095<\/b><\/p>\n<p><b>E-Mail: <\/b><span style=\"color: #333333;\"><a href=\"mailto:biancorosso@gmx.net\"><span style=\"color: #333333;\"><b>biancorosso@gmx.net<\/b><\/span><\/a><\/span><b><\/b><\/p>\n<p>&#8211; Hiermit widerrufe(n) ich\/wir (*) den von mir\/uns (*) abgeschlossenen Vertrag \u00fcber den Kauf der folgenden Waren:<\/p>\n<p>___________________________________________<\/p>\n<p>___________________________________________<\/p>\n<p>___________________________________________<\/p>\n<p>&nbsp;<\/p>\n<p>&#8211; Bestellt am ___________________ (*)\/erhalten am (*) ___________________<\/p>\n<p>&#8211; Name des\/der Verbraucher(s)<\/p>\n<p>___________________________________________<\/p>\n<p>&#8211; Anschrift des\/der Verbraucher(s)<\/p>\n<p>___________________________________________<\/p>\n<p>___________________________________________<\/p>\n<p>___________________________________________<\/p>\n<p>&#8211; Unterschrift des\/der Verbraucher(s) (nur bei Mitteilung auf Papier)<\/p>\n<p>___________________________________________<\/p>\n<p>&#8211; Datum<\/p>\n<p>___________________________________________<\/p>\n<p>(*) Unzutreffendes streichen.<\/p>\n<p>&nbsp;<\/p>\n<p>&nbsp;<\/p>\n","protected":false},"excerpt":{"rendered":"<p>Allgemeines und Verf\u00fcgbarkeit Meine Angebote sind freibleibend und gelten solange der Vorrat reicht, Bestellungen werden nach der Reihenfolge ihres Eingangs ber\u00fccksichtigt. Ich \u00fcbernehme bei Auftragserteilung keine Liefergarantie. Sollte ein Produkt ausverkauft sein, wird bei Weinen bis zu einem Kaufpreis von 15,00 Euro pro Flasche der Nachfolgejahrgang ausgeliefert, sofern er in Qualit\u00e4t und Preis gleichwertig ist [&hellip;]<\/p>\n","protected":false},"author":2,"featured_media":0,"parent":0,"menu_order":2,"comment_status":"closed","ping_status":"closed","template":"","meta":{"footnotes":""},"class_list":["post-4","page","type-page","status-publish","hentry"],"_links":{"self":[{"href":"https:\/\/biancorosso.net\/index.php?rest_route=\/wp\/v2\/pages\/4","targetHints":{"allow":["GET"]}}],"collection":[{"href":"https:\/\/biancorosso.net\/index.php?rest_route=\/wp\/v2\/pages"}],"about":[{"href":"https:\/\/biancorosso.net\/index.php?rest_route=\/wp\/v2\/types\/page"}],"author":[{"embeddable":true,"href":"https:\/\/biancorosso.net\/index.php?rest_route=\/wp\/v2\/users\/2"}],"replies":[{"embeddable":true,"href":"https:\/\/biancorosso.net\/index.php?rest_route=%2Fwp%2Fv2%2Fcomments&post=4"}],"version-history":[{"count":54,"href":"https:\/\/biancorosso.net\/index.php?rest_route=\/wp\/v2\/pages\/4\/revisions"}],"predecessor-version":[{"id":1904,"href":"https:\/\/biancorosso.net\/index.php?rest_route=\/wp\/v2\/pages\/4\/revisions\/1904"}],"wp:attachment":[{"href":"https:\/\/biancorosso.net\/index.php?rest_route=%2Fwp%2Fv2%2Fmedia&parent=4"}],"curies":[{"name":"wp","href":"https:\/\/api.w.org\/{rel}","templated":true}]}}